{"id":1211,"date":"2024-02-04T13:24:58","date_gmt":"2024-02-04T13:24:58","guid":{"rendered":"https:\/\/themedox.com\/posty\/?page_id=1211"},"modified":"2024-11-20T17:32:20","modified_gmt":"2024-11-20T17:32:20","slug":"blog-layout-3","status":"publish","type":"page","link":"https:\/\/elsolecito.mx\/index.php\/blog-layout-3\/","title":{"rendered":"Blog Layout 3"},"content":{"rendered":"\t\t<div data-elementor-type=\"wp-page\" data-elementor-id=\"1211\" class=\"elementor elementor-1211\">\n\t\t\t\t<div class=\"elementor-element elementor-element-d4e9a82 e-flex e-con-boxed e-con e-parent\" data-id=\"d4e9a82\" data-element_type=\"container\">\n\t\t\t\t\t<div class=\"e-con-inner\">\n\t\t<div class=\"elementor-element elementor-element-cbaf193 e-con-full e-flex e-con e-child\" data-id=\"cbaf193\" data-element_type=\"container\">\n\t\t\t\t<div class=\"elementor-element elementor-element-439b3cb elementor-widget elementor-widget-posts-block-list-item-twoo\" data-id=\"439b3cb\" data-element_type=\"widget\" data-widget_type=\"posts-block-list-item-twoo.default\">\n\t\t\t\t<div class=\"elementor-widget-container\">\n\t\t\t\t\t\n\t\t\n\t\t\n\t\t\n\n\n\n               \t<div class=\"news-post-wrap post-list-style-template-two style-1\">\n\n\t\t \t\t\t\n              \t<div class=\"section-heading mb-40\">\n                 \t<h3 class=\"section-title title-border\"><span>Latest Posts<\/span><\/h3>\n              \t<\/div>\n              \t\n\n\t\t\t\n\n\n\t            <div class=\"post-card news-post\">\n                     <div class=\"post-thumb\">\n\n                        <a href=\"https:\/\/elsolecito.mx\/index.php\/2024\/01\/29\/15-ways-you-can-your-phone-your-productivity\/\">\n\n                        \t<img decoding=\"async\" src=\"https:\/\/elsolecito.mx\/wp-content\/uploads\/2024\/01\/gadgets-pic.jpg\" alt=\"15 ways you can your phone your productivity\">\n                       <\/a>\n\n\n                     <\/div>\n                     <div class=\"post-content\">\n\n                        \t\n\t                         \n   \n\t \n\n\t\n\n\t<a href=\"https:\/\/elsolecito.mx\/index.php\/category\/tech\/\" class=\"card-btn cat-color-bg\" style=\"background-color:#15bcf1;\">Tech<\/a>\n   \n\t\t                    \n\n                        <h3 class=\"title\"><a href=\"https:\/\/elsolecito.mx\/index.php\/2024\/01\/29\/15-ways-you-can-your-phone-your-productivity\/\">15 ways you can your phone your productivity<\/a>\n\t                    <\/h3>\n\n\t                     \n\n                        <ul class=\"post-list\">\n\n\n                           \t \n                           \t<li class=\"author\">\n                              by <span><a href=\"https:\/\/elsolecito.mx\" title=\"Visitar el sitio de admin\" rel=\"author external\">admin<\/a><\/span>\n                           \t<\/li>\n                           \t\n                           \t \n                           \t<li class=\"date\">enero 29, 2024<\/li>\n                           \t\n                           \t \n                           \t<li><i class=\"las la-comments\"><\/i>0<\/li>\n                           \t\n\n                        <\/ul>\n\n                        \n\n\n                         \n\t\t\t\t\t\t\t<p>Tuesday\u2019s primary is the first big test of the legislation, which was opposed by voting<\/p>\n\t\t\t\t\t\t\n\n\t\t\t\t\t\t \n                        <a href=\"https:\/\/elsolecito.mx\/index.php\/2024\/01\/29\/15-ways-you-can-your-phone-your-productivity\/\" class=\"news-post-btn\"\n                           ><i class=\"las la-arrow-right\"><\/i\n                           ><\/a>\n                        \n\n                     <\/div>\n                  <\/div>\n\n\n\t\t\t\n\n\n\t            <div class=\"post-card news-post\">\n                     <div class=\"post-thumb\">\n\n                        <a href=\"https:\/\/elsolecito.mx\/index.php\/2024\/01\/29\/the-power-of-big-data-in-discovery-and-decision-making\/\">\n\n                        \t<img decoding=\"async\" src=\"https:\/\/elsolecito.mx\/wp-content\/uploads\/2024\/01\/violet-fashion.jpg\" alt=\"The Power of Big Data in Discovery and Decision Making\">\n                       <\/a>\n\n\n                     <\/div>\n                     <div class=\"post-content\">\n\n                        \t\n\t                         \n   \n\t \n\n\t\n\n\t<a href=\"https:\/\/elsolecito.mx\/index.php\/category\/lifestyle\/\" class=\"card-btn cat-color-bg\" style=\"background-color:#f50bec;\">Lifestyle<\/a>\n   \n\t\t                    \n\n                        <h3 class=\"title\"><a href=\"https:\/\/elsolecito.mx\/index.php\/2024\/01\/29\/the-power-of-big-data-in-discovery-and-decision-making\/\">The Power of Big Data in Discovery and Decision Making<\/a>\n\t                    <\/h3>\n\n\t                     \n\n                        <ul class=\"post-list\">\n\n\n                           \t \n                           \t<li class=\"author\">\n                              by <span><a href=\"https:\/\/elsolecito.mx\" title=\"Visitar el sitio de admin\" rel=\"author external\">admin<\/a><\/span>\n                           \t<\/li>\n                           \t\n                           \t \n                           \t<li class=\"date\">enero 29, 2024<\/li>\n                           \t\n                           \t \n                           \t<li><i class=\"las la-comments\"><\/i>0<\/li>\n                           \t\n\n                        <\/ul>\n\n                        \n\n\n                         \n\t\t\t\t\t\t\t<p>Tuesday\u2019s primary is the first big test of the legislation, which was opposed by voting<\/p>\n\t\t\t\t\t\t\n\n\t\t\t\t\t\t \n                        <a href=\"https:\/\/elsolecito.mx\/index.php\/2024\/01\/29\/the-power-of-big-data-in-discovery-and-decision-making\/\" class=\"news-post-btn\"\n                           ><i class=\"las la-arrow-right\"><\/i\n                           ><\/a>\n                        \n\n                     <\/div>\n                  <\/div>\n\n\n\t\t\t\n\n\n\t            <div class=\"post-card news-post\">\n                     <div class=\"post-thumb\">\n\n                        <a href=\"https:\/\/elsolecito.mx\/index.php\/2024\/01\/29\/how-to-change-the-icons-for-your-favorite-apps-on-macos\/\">\n\n                        \t<img decoding=\"async\" src=\"https:\/\/elsolecito.mx\/wp-content\/uploads\/2024\/01\/violte-laptop.jpg\" alt=\"How To Change The Icons For Your Favorite Apps On MacOS\">\n                       <\/a>\n\n\n                     <\/div>\n                     <div class=\"post-content\">\n\n                        \t\n\t                         \n   \n\t \n\n\t\n\n\t<a href=\"https:\/\/elsolecito.mx\/index.php\/category\/tech\/\" class=\"card-btn cat-color-bg\" style=\"background-color:#15bcf1;\">Tech<\/a>\n   \n\t\t                    \n\n                        <h3 class=\"title\"><a href=\"https:\/\/elsolecito.mx\/index.php\/2024\/01\/29\/how-to-change-the-icons-for-your-favorite-apps-on-macos\/\">How To Change The Icons For Your Favorite Apps On<\/a>\n\t                    <\/h3>\n\n\t                     \n\n                        <ul class=\"post-list\">\n\n\n                           \t \n                           \t<li class=\"author\">\n                              by <span><a href=\"https:\/\/elsolecito.mx\" title=\"Visitar el sitio de admin\" rel=\"author external\">admin<\/a><\/span>\n                           \t<\/li>\n                           \t\n                           \t \n                           \t<li class=\"date\">enero 29, 2024<\/li>\n                           \t\n                           \t \n                           \t<li><i class=\"las la-comments\"><\/i>0<\/li>\n                           \t\n\n                        <\/ul>\n\n                        \n\n\n                         \n\t\t\t\t\t\t\t<p>Tuesday\u2019s primary is the first big test of the legislation, which was opposed by voting<\/p>\n\t\t\t\t\t\t\n\n\t\t\t\t\t\t \n                        <a href=\"https:\/\/elsolecito.mx\/index.php\/2024\/01\/29\/how-to-change-the-icons-for-your-favorite-apps-on-macos\/\" class=\"news-post-btn\"\n                           ><i class=\"las la-arrow-right\"><\/i\n                           ><\/a>\n                        \n\n                     <\/div>\n                  <\/div>\n\n\n\t\t\t\n\n\n\t            <div class=\"post-card news-post\">\n                     <div class=\"post-thumb\">\n\n                        <a href=\"https:\/\/elsolecito.mx\/index.php\/2024\/01\/29\/how-product-designers-can-gamification-for-any-good\/\">\n\n                        \t<img decoding=\"async\" src=\"https:\/\/elsolecito.mx\/wp-content\/uploads\/2024\/01\/cyber-working.jpg\" alt=\"How Product Designers Can Gamification for any Good.\">\n                       <\/a>\n\n\n                     <\/div>\n                     <div class=\"post-content\">\n\n                        \t\n\t                         \n   \n\t \n\n\t\n\n\t<a href=\"https:\/\/elsolecito.mx\/index.php\/category\/business\/\" class=\"card-btn cat-color-bg\" style=\"background-color:#640bf5;\">Business<\/a>\n   \n\t\t                    \n\n                        <h3 class=\"title\"><a href=\"https:\/\/elsolecito.mx\/index.php\/2024\/01\/29\/how-product-designers-can-gamification-for-any-good\/\">How Product Designers Can Gamification for any Good.<\/a>\n\t                    <\/h3>\n\n\t                     \n\n                        <ul class=\"post-list\">\n\n\n                           \t \n                           \t<li class=\"author\">\n                              by <span><a href=\"https:\/\/elsolecito.mx\" title=\"Visitar el sitio de admin\" rel=\"author external\">admin<\/a><\/span>\n                           \t<\/li>\n                           \t\n                           \t \n                           \t<li class=\"date\">enero 29, 2024<\/li>\n                           \t\n                           \t \n                           \t<li><i class=\"las la-comments\"><\/i>0<\/li>\n                           \t\n\n                        <\/ul>\n\n                        \n\n\n                         \n\t\t\t\t\t\t\t<p>Tuesday\u2019s primary is the first big test of the legislation, which was opposed by voting<\/p>\n\t\t\t\t\t\t\n\n\t\t\t\t\t\t \n                        <a href=\"https:\/\/elsolecito.mx\/index.php\/2024\/01\/29\/how-product-designers-can-gamification-for-any-good\/\" class=\"news-post-btn\"\n                           ><i class=\"las la-arrow-right\"><\/i\n                           ><\/a>\n                        \n\n                     <\/div>\n                  <\/div>\n\n\n\t\t\t\n\n\n\t            <div class=\"post-card news-post\">\n                     <div class=\"post-thumb\">\n\n                        <a href=\"https:\/\/elsolecito.mx\/index.php\/2024\/01\/29\/confidence-and-authority-through-tailored-fashion\/\">\n\n                        \t<img decoding=\"async\" src=\"https:\/\/elsolecito.mx\/wp-content\/uploads\/2024\/01\/shopping-girls.png\" alt=\"Confidence and Authority through Tailored Fashion\">\n                       <\/a>\n\n\n                     <\/div>\n                     <div class=\"post-content\">\n\n                        \t\n\t                         \n   \n\t \n\n\t\n\n\t<a href=\"https:\/\/elsolecito.mx\/index.php\/category\/lifestyle\/\" class=\"card-btn cat-color-bg\" style=\"background-color:#f50bec;\">Lifestyle<\/a>\n   \n\t\t                    \n\n                        <h3 class=\"title\"><a href=\"https:\/\/elsolecito.mx\/index.php\/2024\/01\/29\/confidence-and-authority-through-tailored-fashion\/\">Confidence and Authority through Tailored Fashion<\/a>\n\t                    <\/h3>\n\n\t                     \n\n                        <ul class=\"post-list\">\n\n\n                           \t \n                           \t<li class=\"author\">\n                              by <span><a href=\"https:\/\/elsolecito.mx\" title=\"Visitar el sitio de admin\" rel=\"author external\">admin<\/a><\/span>\n                           \t<\/li>\n                           \t\n                           \t \n                           \t<li class=\"date\">enero 29, 2024<\/li>\n                           \t\n                           \t \n                           \t<li><i class=\"las la-comments\"><\/i>0<\/li>\n                           \t\n\n                        <\/ul>\n\n                        \n\n\n                         \n\t\t\t\t\t\t\t<p>Tuesday\u2019s primary is the first big test of the legislation, which was opposed by voting<\/p>\n\t\t\t\t\t\t\n\n\t\t\t\t\t\t \n                        <a href=\"https:\/\/elsolecito.mx\/index.php\/2024\/01\/29\/confidence-and-authority-through-tailored-fashion\/\" class=\"news-post-btn\"\n                           ><i class=\"las la-arrow-right\"><\/i\n                           ><\/a>\n                        \n\n                     <\/div>\n                  <\/div>\n\n\n\t\t\t\n\t\t\t<div class=\"post-pagination\">\n\t             <ul class=\"pagination-list\">\n\t                <li><a href=\"#\">1<\/a><\/li>\n\t                <li class=\"active\"><a href=\"#\">2<\/a><\/li>\n\t                <li><a href=\"#\">3<\/a><\/li>\n\t             <\/ul>\n\t             <div class=\"pagination-right\">\n\t                <a href=\"#\"><i class=\"las la-angle-right\"><\/i><\/a>\n\t             <\/div>\n          \t<\/div>\n\n\t\t\n\t\t\t\t\n\t\t\n\t\t\n\n        <\/div>\n\n\t\t\n\t\t\t\t\n\n\t\n\t\t\t<\/div>\n\t\t\t\t<\/div>\n\t\t\t\t<\/div>\n\t\t<div class=\"elementor-element elementor-element-603759d e-con-full e-flex e-con e-child\" data-id=\"603759d\" data-element_type=\"container\">\n\t\t\t\t<div class=\"elementor-element elementor-element-2a76cc1 elementor-widget elementor-widget-image\" data-id=\"2a76cc1\" data-element_type=\"widget\" data-widget_type=\"image.default\">\n\t\t\t\t<div class=\"elementor-widget-container\">\n\t\t\t\t\t\t\t\t\t\t\t\t\t<img fetchpriority=\"high\" decoding=\"async\" width=\"420\" height=\"442\" src=\"https:\/\/elsolecito.mx\/wp-content\/uploads\/2024\/01\/advertisement.png\" class=\"attachment-full size-full wp-image-350\" alt=\"\" srcset=\"https:\/\/elsolecito.mx\/wp-content\/uploads\/2024\/01\/advertisement.png 420w, https:\/\/elsolecito.mx\/wp-content\/uploads\/2024\/01\/advertisement-285x300.png 285w\" sizes=\"(max-width: 420px) 100vw, 420px\" \/>\t\t\t\t\t\t\t\t\t\t\t\t\t<\/div>\n\t\t\t\t<\/div>\n\t\t\t\t<div class=\"elementor-element elementor-element-b7d6d3f elementor-widget elementor-widget-posts-block-item-list-one\" data-id=\"b7d6d3f\" data-element_type=\"widget\" data-widget_type=\"posts-block-item-list-one.default\">\n\t\t\t\t<div class=\"elementor-widget-container\">\n\t\t\t\t\t\n\t\t\n\t\t\n\t\t\n\n\t\t \t<div class=\"trending-post-wrap post-list-style-template-one\">\n\n\t\t \t\t\t\n              \t<div class=\"section-heading mb-30\">\n                 \t<h3 class=\"section-title title-border\"><span>Trending Posts<\/span><\/h3>\n              \t<\/div>\n              \t\n              <div class=\"list-post-area list-2\">\n\n\n\n\t\t\t\n\n                 <div class=\"list-post-card\">\n                    <div class=\"post-img\">\n\n                        <a href=\"https:\/\/elsolecito.mx\/index.php\/2025\/02\/05\/leon-construye-el-futuro-ciudadanos-impulsan-la-red-de-parques-mas-importante-de-mexico\/\">\n\n                        \t<img decoding=\"async\" src=\"https:\/\/elsolecito.mx\/wp-content\/uploads\/2025\/02\/Red-De-Parques.jpg\" alt=\"Le\u00f3n construye el futuro: Ciudadanos impulsan la Red de Parques m\u00e1s importante de M\u00e9xico\">\n                       <\/a>\n\n\n                    <\/div>\n                    <div class=\"post-content\">\n                        <h3 class=\"title\"><a href=\"https:\/\/elsolecito.mx\/index.php\/2025\/02\/05\/leon-construye-el-futuro-ciudadanos-impulsan-la-red-de-parques-mas-importante-de-mexico\/\">Le\u00f3n construye el futuro: Ciudadanos impulsan la Red de Parques<\/a>\n\t                    <\/h3>\n\n\t                    \n\t\t\t\t\t\t \n                       <span>febrero 5, 2025<\/span>\n                       \n                    <\/div>\n                 <\/div>\n\n  \n\n\n\t\t\t\n\n                 <div class=\"list-post-card\">\n                    <div class=\"post-img\">\n\n                        <a href=\"https:\/\/elsolecito.mx\/index.php\/2025\/01\/11\/leon-se-viste-de-fiesta-la-feria-estatal-2025-celebra-con-orgullo-y-tradicion\/\">\n\n                        \t<img decoding=\"async\" src=\"https:\/\/elsolecito.mx\/wp-content\/uploads\/2025\/01\/Feria-de-Leon-2025.jpg\" alt=\"\u00a1Le\u00f3n se viste de fiesta! La Feria Estatal 2025 celebra con orgullo y tradici\u00f3n\">\n                       <\/a>\n\n\n                    <\/div>\n                    <div class=\"post-content\">\n                        <h3 class=\"title\"><a href=\"https:\/\/elsolecito.mx\/index.php\/2025\/01\/11\/leon-se-viste-de-fiesta-la-feria-estatal-2025-celebra-con-orgullo-y-tradicion\/\">\u00a1Le\u00f3n se viste de fiesta! La Feria Estatal 2025 celebra<\/a>\n\t                    <\/h3>\n\n\t                    \n\t\t\t\t\t\t \n                       <span>enero 11, 2025<\/span>\n                       \n                    <\/div>\n                 <\/div>\n\n  \n\n\n\t\t\t\n\n                 <div class=\"list-post-card\">\n                    <div class=\"post-img\">\n\n                        <a href=\"https:\/\/elsolecito.mx\/index.php\/2025\/01\/05\/rita-galvan-revive-la-tradicion-con-su-receta-chiles-escondidos-y-gana-el-concurso-de-platillo-saludable-2024\/\">\n\n                        \t<img decoding=\"async\" src=\"https:\/\/elsolecito.mx\/wp-content\/uploads\/2025\/01\/Rita-Galvan-e1736125496302.jpg\" alt=\"Rita Galv\u00e1n revive la tradici\u00f3n con su receta \u201cChiles Escondidos\u201d y gana el Concurso de Platillo Saludable 2024\">\n                       <\/a>\n\n\n                    <\/div>\n                    <div class=\"post-content\">\n                        <h3 class=\"title\"><a href=\"https:\/\/elsolecito.mx\/index.php\/2025\/01\/05\/rita-galvan-revive-la-tradicion-con-su-receta-chiles-escondidos-y-gana-el-concurso-de-platillo-saludable-2024\/\">Rita Galv\u00e1n revive la tradici\u00f3n con su receta \u201cChiles Escondidos\u201d<\/a>\n\t                    <\/h3>\n\n\t                    \n\t\t\t\t\t\t \n                       <span>enero 5, 2025<\/span>\n                       \n                    <\/div>\n                 <\/div>\n\n  \n\n\n\t\t\t\n\n                 <div class=\"list-post-card\">\n                    <div class=\"post-img\">\n\n                        <a href=\"https:\/\/elsolecito.mx\/index.php\/2024\/12\/25\/transporte-urbano-incluyente-un-paso-hacia-la-igualdad-en-leon\/\">\n\n                        \t<img decoding=\"async\" src=\"https:\/\/elsolecito.mx\/wp-content\/uploads\/2024\/12\/Transporte-Urbano-Incluyente-2.jpeg\" alt=\"Transporte Urbano Incluyente: Un paso hacia la igualdad en Le\u00f3n\">\n                       <\/a>\n\n\n                    <\/div>\n                    <div class=\"post-content\">\n                        <h3 class=\"title\"><a href=\"https:\/\/elsolecito.mx\/index.php\/2024\/12\/25\/transporte-urbano-incluyente-un-paso-hacia-la-igualdad-en-leon\/\">Transporte Urbano Incluyente: Un paso hacia la igualdad en Le\u00f3n<\/a>\n\t                    <\/h3>\n\n\t                    \n\t\t\t\t\t\t \n                       <span>diciembre 25, 2024<\/span>\n                       \n                    <\/div>\n                 <\/div>\n\n  \n\n\n\t\t\t\t\t\n\t\t\t\t\n\t\t\n\t\t\n\n        <\/div>\n    <\/div>\n\n\n\n\t\n\t\t\t<\/div>\n\t\t\t\t<\/div>\n\t\t\t\t<\/div>\n\t\t\t\t\t<\/div>\n\t\t\t\t<\/div>\n\t\t<div class=\"elementor-element elementor-element-0a67169 e-con-full e-flex e-con e-parent\" data-id=\"0a67169\" data-element_type=\"container\">\n\t\t\t\t<div class=\"elementor-element elementor-element-2edba03 elementor-widget elementor-widget-theme-newsletter-one\" data-id=\"2edba03\" data-element_type=\"widget\" data-widget_type=\"theme-newsletter-one.default\">\n\t\t\t\t<div class=\"elementor-widget-container\">\n\t\t\t\r\n        <section class=\"subscribe-section bg-grey-2 theme-subscribe-style-one\">\r\n          <div class=\"container\">\r\n             <div class=\"row\">\r\n                <div class=\"col-lg-6\">\r\n                   <div class=\"subscribe-content\">\r\n                      <h3 class=\"title\">Get the best blog stories into your inbox!<\/h3>\r\n\r\n\r\n                      <p>\n<div class=\"wpcf7 no-js\" id=\"wpcf7-f6-o1\" lang=\"en-US\" dir=\"ltr\" data-wpcf7-id=\"6\">\n<div class=\"screen-reader-response\"><p role=\"status\" aria-live=\"polite\" aria-atomic=\"true\"><\/p> <ul><\/ul><\/div>\n<form action=\"\/index.php\/wp-json\/wp\/v2\/pages\/1211#wpcf7-f6-o1\" method=\"post\" class=\"wpcf7-form init\" aria-label=\"Contact form\" novalidate=\"novalidate\" data-status=\"init\">\n<div style=\"display: none;\">\n<input type=\"hidden\" name=\"_wpcf7\" value=\"6\" \/>\n<input type=\"hidden\" name=\"_wpcf7_version\" value=\"6.0.1\" \/>\n<input type=\"hidden\" name=\"_wpcf7_locale\" value=\"en_US\" \/>\n<input type=\"hidden\" name=\"_wpcf7_unit_tag\" value=\"wpcf7-f6-o1\" \/>\n<input type=\"hidden\" name=\"_wpcf7_container_post\" value=\"0\" \/>\n<input type=\"hidden\" name=\"_wpcf7_posted_data_hash\" value=\"\" \/>\n<\/div>\n<div class=\"subscribe-form\">\n\t<p><span class=\"wpcf7-form-control-wrap\" data-name=\"email-515\"><input size=\"40\" maxlength=\"400\" class=\"wpcf7-form-control wpcf7-email wpcf7-validates-as-required wpcf7-text wpcf7-validates-as-email form-control\" id=\"email\" aria-required=\"true\" aria-invalid=\"false\" placeholder=\"Enter Your Email\" value=\"\" type=\"email\" name=\"email-515\" \/><\/span><input class=\"wpcf7-form-control wpcf7-submit has-spinner default-btn\" id=\"submit\" type=\"submit\" value=\"Subscribe\" \/><i class=\"lab la-telegram-plane\"><\/i>\n\t<\/p>\n<\/div><div class=\"wpcf7-response-output\" aria-hidden=\"true\"><\/div>\n<\/form>\n<\/div>\n<\/p>\r\n\r\n                   <\/div>\r\n                <\/div>\r\n                <div class=\"col-lg-6\">\r\n                   <div class=\"subscribe-thumb\">\r\n                      <div class=\"line\"><\/div>\r\n                      <img decoding=\"async\" src=\"https:\/\/themedox.com\/posty\/wp-content\/uploads\/2024\/02\/subscribe-img.png\" alt=\"img\">\r\n                   <\/div>\r\n                <\/div>\r\n             <\/div>\r\n          <\/div>\r\n      \t <\/section>\r\n       \t<!-- .\/ subscribe-section -->\r\n\r\n\r\n\r\n\r\n\r\n\t\t\t<\/div>\n\t\t\t\t<\/div>\n\t\t\t\t<\/div>\n\t\t\t\t<\/div>\n\t\t","protected":false},"excerpt":{"rendered":"<p>Latest Posts Tech 15 ways you can your phone your productivity by Ricky January 29, 2024 0 Tuesday\u2019s primary is the first big test of the legislation, which was opposed by voting Lifestyle The Power of Big Data in Discovery and Decision Making by Ricky January 29, 2024 0 Tuesday\u2019s primary is the first big [&hellip;]<\/p>\n","protected":false},"author":1,"featured_media":0,"parent":0,"menu_order":0,"comment_status":"closed","ping_status":"closed","template":"","meta":{"footnotes":""},"class_list":["post-1211","page","type-page","status-publish","hentry"],"_links":{"self":[{"href":"https:\/\/elsolecito.mx\/index.php\/wp-json\/wp\/v2\/pages\/1211","targetHints":{"allow":["GET"]}}],"collection":[{"href":"https:\/\/elsolecito.mx\/index.php\/wp-json\/wp\/v2\/pages"}],"about":[{"href":"https:\/\/elsolecito.mx\/index.php\/wp-json\/wp\/v2\/types\/page"}],"author":[{"embeddable":true,"href":"https:\/\/elsolecito.mx\/index.php\/wp-json\/wp\/v2\/users\/1"}],"replies":[{"embeddable":true,"href":"https:\/\/elsolecito.mx\/index.php\/wp-json\/wp\/v2\/comments?post=1211"}],"version-history":[{"count":1,"href":"https:\/\/elsolecito.mx\/index.php\/wp-json\/wp\/v2\/pages\/1211\/revisions"}],"predecessor-version":[{"id":1362,"href":"https:\/\/elsolecito.mx\/index.php\/wp-json\/wp\/v2\/pages\/1211\/revisions\/1362"}],"wp:attachment":[{"href":"https:\/\/elsolecito.mx\/index.php\/wp-json\/wp\/v2\/media?parent=1211"}],"curies":[{"name":"wp","href":"https:\/\/api.w.org\/{rel}","templated":true}]}}