{"id":53571,"date":"2025-01-09T11:06:34","date_gmt":"2025-01-09T17:06:34","guid":{"rendered":"https:\/\/elsolecito.mx\/?page_id=53571"},"modified":"2025-01-09T11:06:35","modified_gmt":"2025-01-09T17:06:35","slug":"leon-da-calor-con-amor-mas-de-72-mil-personas-seran-abrigadas-este-invierno","status":"publish","type":"page","link":"https:\/\/elsolecito.mx\/index.php\/leon-da-calor-con-amor-mas-de-72-mil-personas-seran-abrigadas-este-invierno\/","title":{"rendered":"\u00a1Le\u00f3n da calor con amor! M\u00e1s de 72 mil personas ser\u00e1n abrigadas este invierno"},"content":{"rendered":"\n<h2 class=\"wp-block-heading\"><strong>Un esfuerzo solidario que transforma vidas<\/strong><\/h2>\n\n\n\n<p>Con un mensaje de esperanza y compromiso, la presidenta municipal de Le\u00f3n, Ale Guti\u00e9rrez, dio inicio al refuerzo de la cruzada invernal 2025, una iniciativa que busca abrigar a m\u00e1s de 72 mil personas en situaci\u00f3n vulnerable. La entrega de cobijas y prendas abrigadoras se convierte en una muestra del trabajo conjunto entre gobierno, ciudadan\u00eda e iniciativa privada para enfrentar las bajas temperaturas.<\/p>\n\n\n\n<p>Durante el evento, Ale Guti\u00e9rrez destac\u00f3 la esencia solidaria de los leoneses, subrayando que este esfuerzo no solo se centra en proporcionar abrigo f\u00edsico, sino tambi\u00e9n en ofrecer calor humano, esperanza y alegr\u00eda. \u201cTenemos que recordar esta Administraci\u00f3n como la m\u00e1s humana, que pone a las personas en el centro y hace m\u00e1s de lo necesario por cambiarles la vida. Se trata de abrigar con cobijas, pero tambi\u00e9n con amor, para mejorar la calidad de vida de nuestra gente\u201d, expres\u00f3.<\/p>\n\n\n\n<p>El programa no se limita a la entrega de ropa de invierno, sino que forma parte de un esfuerzo integral que incluye iniciativas como M\u00e9dico en Tu Casa y Ay\u00fadate Ayudando, dise\u00f1adas para brindar apoyo durante todo el a\u00f1o.<\/p>\n\n\n\n<h2 class=\"wp-block-heading\"><strong>Un programa integral que impacta a miles<\/strong><\/h2>\n\n\n\n<p>Ernesto Garc\u00eda Caratachea, secretario para el Fortalecimiento Social de Le\u00f3n, explic\u00f3 que la cruzada invernal tiene una planeaci\u00f3n detallada que inicia en noviembre con la identificaci\u00f3n de personas en situaci\u00f3n de vulnerabilidad. En diciembre se resguarda a quienes lo necesiten, en enero se intensifica la entrega de apoyos y en febrero se da seguimiento para asegurar que los beneficiarios se encuentren en buenas condiciones.<\/p>\n\n\n\n<p>La se\u00f1ora Ofelia Negrete Jasso, habitante de la comunidad Saucillo de \u00c1valos, fue una de las beneficiarias. Recibi\u00f3 cobijas, despensa y atenci\u00f3n m\u00e9dica, expresando su agradecimiento: \u201cMucho me va a servir, ya no voy a tener fr\u00edo, voy a dormir calientita y la despensa me la voy a comer con mi nuera, mis hijos y mis nietos\u201d.<\/p>\n\n\n\n<p>Esta campa\u00f1a es posible gracias a la colaboraci\u00f3n de dependencias como la Secretar\u00eda para el Fortalecimiento Social, Desarrollo Social, IMUVI, DIF y la Direcci\u00f3n de Salud Municipal, as\u00ed como a la participaci\u00f3n activa de la ciudadan\u00eda y la iniciativa privada.<\/p>\n\n\n\n<p>Con acciones como esta, Le\u00f3n demuestra que el trabajo conjunto y el esp\u00edritu solidario pueden marcar la diferencia, haciendo de la ciudad un lugar m\u00e1s c\u00e1lido y humano para todos.<\/p>\n\n\n\n<p><\/p>\n","protected":false},"excerpt":{"rendered":"<p>Un esfuerzo solidario que transforma vidas Con un mensaje de esperanza y compromiso, la presidenta municipal de Le\u00f3n, Ale Guti\u00e9rrez, dio inicio al refuerzo de la cruzada invernal 2025, una iniciativa que busca abrigar a m\u00e1s de 72 mil personas en situaci\u00f3n vulnerable. La entrega de cobijas y prendas abrigadoras se convierte en una muestra [&hellip;]<\/p>\n","protected":false},"author":3,"featured_media":53572,"parent":0,"menu_order":0,"comment_status":"closed","ping_status":"closed","template":"","meta":{"footnotes":""},"class_list":["post-53571","page","type-page","status-publish","has-post-thumbnail","hentry"],"_links":{"self":[{"href":"https:\/\/elsolecito.mx\/index.php\/wp-json\/wp\/v2\/pages\/53571","targetHints":{"allow":["GET"]}}],"collection":[{"href":"https:\/\/elsolecito.mx\/index.php\/wp-json\/wp\/v2\/pages"}],"about":[{"href":"https:\/\/elsolecito.mx\/index.php\/wp-json\/wp\/v2\/types\/page"}],"author":[{"embeddable":true,"href":"https:\/\/elsolecito.mx\/index.php\/wp-json\/wp\/v2\/users\/3"}],"replies":[{"embeddable":true,"href":"https:\/\/elsolecito.mx\/index.php\/wp-json\/wp\/v2\/comments?post=53571"}],"version-history":[{"count":1,"href":"https:\/\/elsolecito.mx\/index.php\/wp-json\/wp\/v2\/pages\/53571\/revisions"}],"predecessor-version":[{"id":53573,"href":"https:\/\/elsolecito.mx\/index.php\/wp-json\/wp\/v2\/pages\/53571\/revisions\/53573"}],"wp:featuredmedia":[{"embeddable":true,"href":"https:\/\/elsolecito.mx\/index.php\/wp-json\/wp\/v2\/media\/53572"}],"wp:attachment":[{"href":"https:\/\/elsolecito.mx\/index.php\/wp-json\/wp\/v2\/media?parent=53571"}],"curies":[{"name":"wp","href":"https:\/\/api.w.org\/{rel}","templated":true}]}}